{"id":95,"date":"2017-11-29T19:38:15","date_gmt":"2017-11-29T18:38:15","guid":{"rendered":"https:\/\/www.bob-sagt.de\/?page_id=95"},"modified":"2025-07-29T21:52:43","modified_gmt":"2025-07-29T20:52:43","slug":"depot-tagesgeld","status":"publish","type":"page","link":"https:\/\/www.bob-sagt.de\/?page_id=95","title":{"rendered":"Depot &#038; Tagesgeld"},"content":{"rendered":"<p><div id='depot' class='widgets_on_page wop_tiny1  wop_small1  wop_medium1  wop_large1  wop_wide1'>\n\t\t\t<ul><li id=\"hoot-content-blocks-widget-12\"  style=\" margin-top:-20px; margin-bottom:-20px;\" class=\"widget widget_hoot-content-blocks-widget\">\n<div class=\"content-blocks-widget-wrap content-blocks-pages topborder-none\">\n\t<div class=\"content-blocks-widget-box bottomborder-none\">\n\t\t<div class=\"content-blocks-widget content-blocks-widget-style3\"  style=\" margin-top:-20px; margin-bottom:-20px;\" >\n\n\t\t\t\n\t\t\t<div class=\"flush-columns\">\n\t\t\t\t<div class=\"content-block-row\">\n\t\t\t\t\t\t\t\t<div class=\"content-block-column hcolumn-1-3 content-block-1 content-block-style3\">\n\t\t\t\t\t\t\t\t\t\t\t\t\t\t\t\t\t\t<div class=\"content-block highlight-typo\">\n\n\t\t\t\t\t\t\t\t\t\t<div class=\"content-block-visual content-block-icon icon-style-circle enforce-typo \">\n\t\t\t\t\t\t\t\t\t\t\t\t<a href=\"https:\/\/www.bob-sagt.de\/?page_id=551\" class=\"content-block-link\">\t\t\t\t\t\t\t\t\t\t\t\t\t<i class=\"fa-chart-pie fas\"><\/i>\n\t\t\t\t\t\t\t\t\t\t\t\t<\/a>\t\t\t\t\t\t\t\t\t\t\t<\/div>\n\t\t\t\t\t\t\t\t\t\t<div class=\"content-block-content content-block-content-hasicon\">\n\t\t\t\t\t\t\t\t\t\t\t<h4><a href=\"https:\/\/www.bob-sagt.de\/?page_id=551\" class=\"content-block-link\">quirion<\/a><\/h4>\n\t\t\t\t\t\t\t\t\t\t\t<div class=\"content-block-text\"><p>Flexible ETF-Anlage\/Sparpl\u00e4ne<br \/>\nKostenloses Depot<br \/>\nAutomatisierte Verm\u00f6gensverwaltung<\/p>\n<p class=\"more-link\"><a href=\"https:\/\/www.bob-sagt.de\/?page_id=551\" class=\"content-block-link\">Read More &rarr;<\/a><\/p><\/div>\n\t\t\t\t\t\t\t\t\t\t<\/div>\n\n\t\t\t\t\t\t\t\t\t<\/div>\n\t\t\t\t\t\t\t\t<\/div>\n\t\t\t\t\t\t\t\t<div class=\"content-block-column hcolumn-1-3 content-block-2 content-block-style3\">\n\t\t\t\t\t\t\t\t\t\t\t\t\t\t\t\t\t\t<div class=\"content-block highlight-typo\">\n\n\t\t\t\t\t\t\t\t\t\t<div class=\"content-block-visual content-block-icon icon-style-circle enforce-typo \">\n\t\t\t\t\t\t\t\t\t\t\t\t<a href=\"https:\/\/www.bob-sagt.de\/?page_id=134\" class=\"content-block-link\">\t\t\t\t\t\t\t\t\t\t\t\t\t<i class=\"fa-chart-bar far\"><\/i>\n\t\t\t\t\t\t\t\t\t\t\t\t<\/a>\t\t\t\t\t\t\t\t\t\t\t<\/div>\n\t\t\t\t\t\t\t\t\t\t<div class=\"content-block-content content-block-content-hasicon\">\n\t\t\t\t\t\t\t\t\t\t\t<h4><a href=\"https:\/\/www.bob-sagt.de\/?page_id=134\" class=\"content-block-link\">Cap Trader<\/a><\/h4>\n\t\t\t\t\t\t\t\t\t\t\t<div class=\"content-block-text\"><p>Internationales Profi-Depot<br \/>\n<span class=highlight_list>Geringste Geb\u00fchren<br \/>\nZugang zu weltweiten B\u00f6rsen<br \/>\nMehrere W\u00e4hrungskonten<\/span><\/p>\n<p class=\"more-link\"><a href=\"https:\/\/www.bob-sagt.de\/?page_id=134\" class=\"content-block-link\">Read More &rarr;<\/a><\/p><\/div>\n\t\t\t\t\t\t\t\t\t\t<\/div>\n\n\t\t\t\t\t\t\t\t\t<\/div>\n\t\t\t\t\t\t\t\t<\/div>\n\t\t\t\t\t\t\t\t<div class=\"content-block-column hcolumn-1-3 content-block-3 content-block-style3\">\n\t\t\t\t\t\t\t\t\t\t\t\t\t\t\t\t\t\t<div class=\"content-block highlight-typo\">\n\n\t\t\t\t\t\t\t\t\t\t<div class=\"content-block-visual content-block-icon icon-style-circle enforce-typo \">\n\t\t\t\t\t\t\t\t\t\t\t\t<a href=\"https:\/\/www.bob-sagt.de\/?page_id=597\" class=\"content-block-link\">\t\t\t\t\t\t\t\t\t\t\t\t\t<i class=\"fa-chart-bar far\"><\/i>\n\t\t\t\t\t\t\t\t\t\t\t\t<\/a>\t\t\t\t\t\t\t\t\t\t\t<\/div>\n\t\t\t\t\t\t\t\t\t\t<div class=\"content-block-content content-block-content-hasicon\">\n\t\t\t\t\t\t\t\t\t\t\t<h4><a href=\"https:\/\/www.bob-sagt.de\/?page_id=597\" class=\"content-block-link\">Deutsche Bank maxblue<\/a><\/h4>\n\t\t\t\t\t\t\t\t\t\t\t<div class=\"content-block-text\"><p>F\u00fcr erfahrene Privatanleger<br \/>\n<span class=highlight_list>Viele Arten von Wertpapieren und Handelspl\u00e4tzen<\/span><\/p>\n<p class=\"more-link\"><a href=\"https:\/\/www.bob-sagt.de\/?page_id=597\" class=\"content-block-link\">Read More &rarr;<\/a><\/p><\/div>\n\t\t\t\t\t\t\t\t\t\t<\/div>\n\n\t\t\t\t\t\t\t\t\t<\/div>\n\t\t\t\t\t\t\t\t<\/div><\/div>\t\t\t<\/div>\n\n\t\t\t\n\t\t<\/div>\n\t<\/div>\n<\/div>\n\n<\/li><\/ul><\/div><!-- widgets_on_page --><br \/>\nBei der Geldanlage muss man schon lange keine unn\u00f6tig hohen Geb\u00fchren mehr bezahlen. Zus\u00e4tzlich finde ich das Onlineangebot von Direktbanken viel angenehmer, schneller und flexibler als bei vielen Filialbanken.<\/p>\n<p>Auch hier ist die Beantragung denkbar einfach. Man druckt die Antragsunterlagen aus (oder l\u00e4sst sie sich zuschicken) und geht mit Ausweis oder Pass zu einer Postfiliale, die einen identifiziert und die Unterlagen dann an die Bank schickt (PostIdent-Verfahren). Im Anschluss erh\u00e4lt man per Post alle n\u00f6tigen Unterlagen.<\/p>\n<p>F\u00fcr die Wertpapierverwahrung in einem Depot sollte man keine Geb\u00fchren bezahlen und Anbieter mit g\u00fcnstigen Transaktionskosten w\u00e4hlen. Dabei sollten je nach pers\u00f6nlichem Profil die Orderkosten verglichen werden, wobei nichts dagegen spricht einfach mehrere Depots zu er\u00f6ffnen. Immer wieder gibt es auch Aktionen zu Depoter\u00f6ffnung bzw. -wechsel, bei denen man Verg\u00fcnstigungen oder eine Pr\u00e4mie bekommt. Au\u00dferdem hat man fast immer die M\u00f6glichkeit, au\u00dferb\u00f6rsliche Handelsplattformen zu nutzen, bei denen die B\u00f6rsenplatzgeb\u00fchren entfallen.<\/p>\n<p>Tagesgeldzinsen sind fast immer besser als bei Festgeldangeboten (ganz zu schweigen von Sparb\u00fcchern), und man kann jederzeit \u00fcber das Geld verf\u00fcgen. Manchmal gibt es Aktionen mit Neukundenbonus, was dann oft mehr bringt als ein nur geringf\u00fcgig h\u00f6herer Zins bei einer anderen Bank.<\/p>\n<ul>\n<li><a href=\"https:\/\/www.financeads.net\/tc.php?t=63582C5423128408T\" target=\"_blank\" rel=\"noopener\">Distingo Bank: 3,0%<\/a><\/li>\n<\/ul>\n<ul>\n<li><a href=\"https:\/\/www.financeads.net\/tc.php?t=63582C152114990T\" target=\"_blank\" rel=\"noopener\">Consors Bank: Depotwechselaktion<\/a><\/li>\n<\/ul>\n","protected":false},"excerpt":{"rendered":"<p>Die Rendite beim Anlegen wird von den Geb\u00fchren beeinflusst, insbesondere wenn man viel tradet.<a class=\"more-link\" href=\"https:\/\/www.bob-sagt.de\/?page_id=597\">Read More &rarr;<\/a><\/p>\n","protected":false},"author":1,"featured_media":0,"parent":0,"menu_order":0,"comment_status":"closed","ping_status":"closed","template":"","meta":{"footnotes":""},"class_list":["entry","page","publish","author-bonie_n03ng3uc","has-excerpt","post-95"],"_links":{"self":[{"href":"https:\/\/www.bob-sagt.de\/index.php?rest_route=\/wp\/v2\/pages\/95","targetHints":{"allow":["GET"]}}],"collection":[{"href":"https:\/\/www.bob-sagt.de\/index.php?rest_route=\/wp\/v2\/pages"}],"about":[{"href":"https:\/\/www.bob-sagt.de\/index.php?rest_route=\/wp\/v2\/types\/page"}],"author":[{"embeddable":true,"href":"https:\/\/www.bob-sagt.de\/index.php?rest_route=\/wp\/v2\/users\/1"}],"replies":[{"embeddable":true,"href":"https:\/\/www.bob-sagt.de\/index.php?rest_route=%2Fwp%2Fv2%2Fcomments&post=95"}],"version-history":[{"count":19,"href":"https:\/\/www.bob-sagt.de\/index.php?rest_route=\/wp\/v2\/pages\/95\/revisions"}],"predecessor-version":[{"id":624,"href":"https:\/\/www.bob-sagt.de\/index.php?rest_route=\/wp\/v2\/pages\/95\/revisions\/624"}],"wp:attachment":[{"href":"https:\/\/www.bob-sagt.de\/index.php?rest_route=%2Fwp%2Fv2%2Fmedia&parent=95"}],"curies":[{"name":"wp","href":"https:\/\/api.w.org\/{rel}","templated":true}]}}