{"id":8,"date":"2017-11-12T12:36:21","date_gmt":"2017-11-12T12:36:21","guid":{"rendered":"https:\/\/www.bob-sagt.de\/?page_id=8"},"modified":"2019-06-16T17:07:53","modified_gmt":"2019-06-16T16:07:53","slug":"home","status":"publish","type":"page","link":"https:\/\/www.bob-sagt.de\/","title":{"rendered":"Home"},"content":{"rendered":"<p>Servus, mein Name ist Bob.<\/p>\n<p>Immer wieder fragen mich Freunde und Bekannte, wenn es um Konten, Kreditkarten oder andere Finanzsachen geht. Damit ich nicht immer das gleiche erz\u00e4hlen muss und jeder davon profitieren kann, habe ich meine Empfehlungen zusammengefasst und diese Internetseite eingerichtet. Ich verfolge nat\u00fcrlich auch weiterhin die Entwicklung und halt diese Seiten aktuell.<\/p>\n<p>Alle beschriebenen Angebote bzw. Anbieter nutze ich auch selbst bzw. habe ich schonmal genutzt und kann sie mit gutem Gewissen weiterempfehlen, d.h. Ihr k\u00f6nnt Euch darauf verlassen dass es sich um seri\u00f6se Angebote handelt. Solche, mit denen ich irgendwann schonmal Probleme hatte, tauchen hier gar nicht erst auf. Au\u00dferdem empfehle ich hier nur Anbieter, die der deutschen Rechtssprechung und deutschen Aufsichtsbeh\u00f6rden unterliegen.<\/p>\n<p><b>Dies ist keine Vergleichsseite!<\/b>&nbsp;Ich empfehle hier einfach nur die Angebote, die ich nach umfassenden Vergleichen selbst ausgew\u00e4hlt habe und nutze bzw. genutzt habe. Meiner Meinung nach sind das die besten Konditionen.<\/p>\n<p><b>Wichtig:<\/b>&nbsp;Es handelt sich um keine Anlageempfehlung, aus der irgendein Rechtsanspruch abgeleitet werden kann. Wenn Ihr an einem Angebot Interesse habt, benutzt bitte die Links auf dieser Seite und schaltet Werbe- und PopUp-Blocker aus, denn nur so bekomme ich eine kleine Pr\u00e4mie. Es erfolgt lediglich eine Weiterleitung auf die Seite des Anbieters, wo unabh\u00e4ngig von dieser Seite die Produkte dargestellt werden und ein Abschlu\u00df m\u00f6glich ist. Bitte \u00fcberpr\u00fcft auch, ob zwischenzeitlich noch die gleichen Konditionen gelten.<\/p>\n","protected":false},"excerpt":{"rendered":"<p>Servus, mein Name ist Bob. Immer wieder fragen mich Freunde und Bekannte, wenn es um Konten, Kreditkarten oder andere Finanzsachen geht. Damit ich nicht immer das gleiche erz\u00e4hlen muss und jeder davon profitieren kann, habe ich meine Empfehlungen zusammengefasst und diese Internetseite eingerichtet. Ich verfolge nat\u00fcrlich auch weiterhin die Entwicklung und halt diese Seiten aktuell. Alle beschriebenen Angebote bzw. Anbieter nutze ich auch selbst bzw. habe ich schonmal genutzt und kann sie mit gutem Gewissen weiterempfehlen, d.h. Ihr k\u00f6nnt Euch darauf verlassen dass es sich um seri\u00f6se Angebote handelt. Solche, mit denen ich irgendwann schonmal Probleme hatte, tauchen hier gar nicht erst auf. Au\u00dferdem empfehle<a class=\"more-link\" href=\"https:\/\/www.bob-sagt.de\/\">Read More &rarr;<\/a><\/p>\n","protected":false},"author":1,"featured_media":0,"parent":0,"menu_order":0,"comment_status":"closed","ping_status":"closed","template":"page-templates\/template-widgetized.php","meta":{"footnotes":""},"class_list":["entry","page","publish","author-bonie_n03ng3uc","post-8"],"_links":{"self":[{"href":"https:\/\/www.bob-sagt.de\/index.php?rest_route=\/wp\/v2\/pages\/8","targetHints":{"allow":["GET"]}}],"collection":[{"href":"https:\/\/www.bob-sagt.de\/index.php?rest_route=\/wp\/v2\/pages"}],"about":[{"href":"https:\/\/www.bob-sagt.de\/index.php?rest_route=\/wp\/v2\/types\/page"}],"author":[{"embeddable":true,"href":"https:\/\/www.bob-sagt.de\/index.php?rest_route=\/wp\/v2\/users\/1"}],"replies":[{"embeddable":true,"href":"https:\/\/www.bob-sagt.de\/index.php?rest_route=%2Fwp%2Fv2%2Fcomments&post=8"}],"version-history":[{"count":9,"href":"https:\/\/www.bob-sagt.de\/index.php?rest_route=\/wp\/v2\/pages\/8\/revisions"}],"predecessor-version":[{"id":523,"href":"https:\/\/www.bob-sagt.de\/index.php?rest_route=\/wp\/v2\/pages\/8\/revisions\/523"}],"wp:attachment":[{"href":"https:\/\/www.bob-sagt.de\/index.php?rest_route=%2Fwp%2Fv2%2Fmedia&parent=8"}],"curies":[{"name":"wp","href":"https:\/\/api.w.org\/{rel}","templated":true}]}}