{"id":610,"date":"2024-11-07T11:41:46","date_gmt":"2024-11-07T10:41:46","guid":{"rendered":"https:\/\/www.bob-sagt.de\/?page_id=610"},"modified":"2024-12-16T17:17:17","modified_gmt":"2024-12-16T16:17:17","slug":"geschaeftskonto","status":"publish","type":"page","link":"https:\/\/www.bob-sagt.de\/?page_id=610","title":{"rendered":"Gesch\u00e4ftskonto"},"content":{"rendered":"<p>Auch f\u00fcr eine juristische Person gibt es immer wieder kostenlose oder sehr g\u00fcnstige Angebote f\u00fcr die Kontof\u00fchrung, insbesondere wenn man nicht viele Buchungen hat, z.B. f\u00fcr die reine Verm\u00f6gensverwaltung.<\/p>\n<p>Allerdings \u00e4ndern sich die Konditionen hier deutlich \u00f6fter als f\u00fcr Privatpersonen (bzw. Selbst\u00e4ndige), sodass hier eine Aufwand\/Nutzen-Analyse des Wechsels gemacht werden sollte.<\/p>\n<hr \/>\n<p><span style=\"text-decoration: underline;\"><strong>Vivid- Free Start<\/strong><\/span><\/p>\n<ul>\n<li>Komplett kostenloses Girokonto<\/li>\n<\/ul>\n<p>Vivid ist eine Neobank.<\/p>\n<hr \/>\n<div style=\"vertical-align: top;\">\n<p><em>Er\u00f6ffnung und weiter Infos hier: <!-- Beginn https:\/\/www.financeads.net\/-Code --><a href=\"https:\/\/www.financeads.net\/tc.php?t=63582C344886228B\" target=\"_blank\" rel=\"noopener\"><img loading=\"lazy\" decoding=\"async\" src=\"https:\/\/www.financeads.net\/tb.php?t=63582V344886228B\" alt=\"Vivid Money Logo\" border=\"0\" width=\"350\" height=\"75\"><\/a><!-- Ende https:\/\/www.financeads.net\/-Code --><\/em><\/p>\n<\/div>\n<hr \/>\n<p><span style=\"text-decoration: underline;\"><strong>Fyrst- Base<\/strong><\/span><\/p>\n<p>Fyrst ist eine neue Marke der Postbank und bietet mit die g\u00fcnstigsten Konditionen an: 0 EUR f\u00fcr Selbstst\u00e4ndige und 6 EUR f\u00fcr juristische Personen<\/p>\n<hr \/>\n<div style=\"vertical-align: top;\">\n<p><em>Er\u00f6ffnung und weiter Infos hier: <!-- Beginn https:\/\/www.financeads.net\/-Code --><a href=\"https:\/\/www.financeads.net\/tc.php?t=63582C270651184B\" target=\"_blank\" rel=\"noopener\"><img loading=\"lazy\" decoding=\"async\" src=\"https:\/\/www.financeads.net\/tb.php?t=63582V270651184B\" alt=\"FYRST Konto\" border=\"0\" width=\"320\" height=\"50\"><\/a><!-- Ende https:\/\/www.financeads.net\/-Code --><\/em><\/p>\n<\/div>\n<p><span style=\"text-decoration: underline;\"><strong>Postbank &#8211; Business Giro<\/strong><\/span><\/p>\n<p>F\u00fcr ein vollwertiges Konto und einen professionellen Auftritt bietet sich die Postbank an. Es gibt je nach konkretem Bedarf verschiedene Kontomodelle zur Auswahl, sodass man nur f\u00fcr die Leistungen zahlt, die man auch ben\u00f6tigt.\n<\/p>\n<hr \/>\n<div style=\"vertical-align: top;\">\n<p><em>Er\u00f6ffnung und weiter Infos hier: <!-- Beginn https:\/\/www.financeads.net\/-Code --><a href=\"https:\/\/www.financeads.net\/tc.php?t=63582C42627837B\" target=\"_blank\"><img loading=\"lazy\" decoding=\"async\" src=\"https:\/\/www.financeads.net\/tb.php?t=63582V42627837B\" alt=\"320 x 50\" border=\"0\" width=\"320\" height=\"50\"><\/a><!-- Ende https:\/\/www.financeads.net\/-Code --><\/em><\/p>\n<\/div>\n","protected":false},"excerpt":{"rendered":"<p>Auch f\u00fcr eine juristische Person gibt es immer wieder kostenlose oder sehr g\u00fcnstige Angebote f\u00fcr die Kontof\u00fchrung, insbesondere wenn man nicht viele Buchungen hat, z.B. f\u00fcr die reine Verm\u00f6gensverwaltung. Allerdings \u00e4ndern sich die Konditionen hier deutlich \u00f6fter als f\u00fcr Privatpersonen (bzw. Selbst\u00e4ndige), sodass hier eine Aufwand\/Nutzen-Analyse des Wechsels gemacht werden sollte. Vivid- Free Start Komplett kostenloses Girokonto Vivid ist eine Neobank. Er\u00f6ffnung und weiter Infos hier: Fyrst- Base Fyrst ist eine neue Marke der Postbank und bietet mit die g\u00fcnstigsten Konditionen an: 0 EUR f\u00fcr Selbstst\u00e4ndige und 6 EUR f\u00fcr juristische Personen Er\u00f6ffnung und weiter Infos hier: Postbank &#8211; Business Giro F\u00fcr ein vollwertiges Konto<a class=\"more-link\" href=\"https:\/\/www.bob-sagt.de\/?page_id=610\">Read More &rarr;<\/a><\/p>\n","protected":false},"author":1,"featured_media":0,"parent":34,"menu_order":0,"comment_status":"closed","ping_status":"closed","template":"","meta":{"footnotes":""},"class_list":["entry","page","publish","author-bonie_n03ng3uc","post-610"],"_links":{"self":[{"href":"https:\/\/www.bob-sagt.de\/index.php?rest_route=\/wp\/v2\/pages\/610","targetHints":{"allow":["GET"]}}],"collection":[{"href":"https:\/\/www.bob-sagt.de\/index.php?rest_route=\/wp\/v2\/pages"}],"about":[{"href":"https:\/\/www.bob-sagt.de\/index.php?rest_route=\/wp\/v2\/types\/page"}],"author":[{"embeddable":true,"href":"https:\/\/www.bob-sagt.de\/index.php?rest_route=\/wp\/v2\/users\/1"}],"replies":[{"embeddable":true,"href":"https:\/\/www.bob-sagt.de\/index.php?rest_route=%2Fwp%2Fv2%2Fcomments&post=610"}],"version-history":[{"count":3,"href":"https:\/\/www.bob-sagt.de\/index.php?rest_route=\/wp\/v2\/pages\/610\/revisions"}],"predecessor-version":[{"id":619,"href":"https:\/\/www.bob-sagt.de\/index.php?rest_route=\/wp\/v2\/pages\/610\/revisions\/619"}],"up":[{"embeddable":true,"href":"https:\/\/www.bob-sagt.de\/index.php?rest_route=\/wp\/v2\/pages\/34"}],"wp:attachment":[{"href":"https:\/\/www.bob-sagt.de\/index.php?rest_route=%2Fwp%2Fv2%2Fmedia&parent=610"}],"curies":[{"name":"wp","href":"https:\/\/api.w.org\/{rel}","templated":true}]}}