{"id":60,"date":"2017-11-28T20:57:57","date_gmt":"2017-11-28T19:57:57","guid":{"rendered":"https:\/\/www.bob-sagt.de\/?page_id=60"},"modified":"2026-01-05T13:17:10","modified_gmt":"2026-01-05T12:17:10","slug":"deutsche-kreditbank-dkb-cash-girokonto-und-kreditkarte","status":"publish","type":"page","link":"https:\/\/www.bob-sagt.de\/?page_id=60","title":{"rendered":"Girokonto"},"content":{"rendered":"<p>Meine unangefochtene Empfehlung \u00fcber ein Jahrzehnt war die Deutsche Kreditbank&#8230; Leider wurden die Bedingungen kontinuierlich verschlechtert, sodass das Konto inzwischen uninteressant ist&#8230;<\/p>\n<p>Des weiteren scheinen die Banken sukzessive die ec-Karte\/girocard abzuschaffen, und nur noch eine Debitkarte von Visa oder Mastercard kostenlos anzubieten. Kreditkartenangebote zu einem Girokonto sind in der Regel unattraktiv, sodass man sich diese separat besorgen sollte (siehe: <a href=\"https:\/\/www.bob-sagt.de\/?page_id=91\">Kreditkarten<\/a>).<\/p>\n<p>Daher sollte man das Girokonto rein f\u00fcr den normalen Zahlungsverkehr sehen. Hierf\u00fcr muss man wie gesagt auch keine Geb\u00fchren zahlen, wof\u00fcr man durchaus trotzdem das eine oder andere Extra bekommt.<\/p>\n<p>Bei vielen Konten wird f\u00fcr die kostenfreie Kontof\u00fchrung oder bestimmte Zusatzleistungen ein gewisser Geldeingang pro Monat vorausgesetzt, oder ein maximales Alter. Das ist durchaus akzeptabel, insbesondere wenn man f\u00fcr den Abschluss noch einen Bonus bekommt.<\/p>\n<p>Einzig wenn man Bargeld hantieren m\u00f6chte, gibt es einen Nachteil. Einzahlungen sind in der Regel (zu vertretbaren Geb\u00fchren) bei Partnerbanken m\u00f6glich. Gr\u00f6\u00dfere Bargeldauszahlungen sind allerdings leider meist nicht m\u00f6glich. Hier ist man dann durch das Abhebelimits der Karte limitiert. (Man kann allerdings auch mit Kreditkarten kostenlos Geld abheben).<\/p>\n<hr \/>\n<p><span style=\"text-decoration: underline;\"><strong>C24 &#8211; Smartkonto<\/strong><\/span> <em>&#8211; mein aktueller Favorit<\/em><\/p>\n<ul>\n<li>Komplett kostenloses Girokonto mit kostenloser Girocard(!) und Debitkarte<\/li>\n<li>4 kostenlose Bargeldabhebungen weltweit pro Monat<\/li>\n<li>0,5% Zinsen und bis zu 2,5% Cashback<\/li>\n<li>Unterst\u00fctzung f\u00fcr Google Pay und Apple Pay<\/li>\n<\/ul>\n<p>Die C24 Bank ist zwar noch relativ neu, bietet aber kostenlos genau das an, was meiner Meinung nach heute gefordert ist: Eine gute App, mobiles Bezahlen und bedingungslos kostenlose Kontof\u00fchrung. Auch das Cashback ist ein netter Zusatz.<\/p>\n<hr \/>\n<div style=\"vertical-align: top;\">\n<p><em>Momentan bekommt man zur Er\u00f6ffnung sogar 75 \u20ac geschenkt.\u00a0<\/em><br \/><em>Er\u00f6ffnung und weiter Infos hier: <a href=\"https:\/\/a.check24.net\/misc\/click.php?pid=133319&amp;aid=344&amp;deep=c24bank&amp;cat=14\" target=\"_blank\" rel=\"noopener\"><img loading=\"lazy\" decoding=\"async\" style=\"max-width: 100%; height: auto;\" src=\"https:\/\/a.check24.net\/misc\/view.php?pid=133319&amp;aid=344&amp;cat=14\" width=\"320\" height=\"50\" \/><\/a><\/em><\/p>\n<\/div>\n<hr \/>\n<p><span style=\"text-decoration: underline;\"><strong>1822direkt &#8211; Girokonto Klassik<\/strong><\/span><\/p>\n<p>Das Konto ist an sich nichts besonderes und nur bei einem monatlichen Gehaltseingang von 700 EUR kostenlos. Sowohl girocard als auch Kreditkarte kosten Geb\u00fchren, sodass diese nicht empfehlenswert sind. Allerdings gibt es <strong>bis zum 4.1.2024<\/strong>\u00a0eine sehr attraktive Aktion: man erh\u00e4lt <strong>100 \u20ac<\/strong> f\u00fcr die Kontoer\u00f6ffnung mit 3 darauf folgenden Gehaltseing\u00e4ngen. Daf\u00fcr muss die Kontoer\u00f6ffnung im Vergleichsportal erfolgen!<\/p>\n<hr \/>\n<p><em>Momentan bekommt man mit diesem Konto 100 \u20ac geschenkt (siehe Bedingungen).<\/em><br \/><em>Um das Konto zu er\u00f6ffnen, w\u00e4hlt es einfach in der folgenden <a href=\"https:\/\/a.partner-versicherung.de\/click.php?partner_id=132252&#038;ad_id=15&#038;deep=girokonto\" target=\"_blank\">Vergleichs\u00fcbersicht<\/a> aus:<\/em><\/p>\n\n\n<div style=\"width: 100%\" id=\"tcpp-iframe-giro\"><\/div><script src=\"https:\/\/form.partner-versicherung.de\/widgets\/132252\/tcpp-iframe-giro\/giro-iframe.js\"><\/script>\n","protected":false},"excerpt":{"rendered":"<p>Meine unangefochtene Empfehlung \u00fcber ein Jahrzehnt war die Deutsche Kreditbank&#8230; Leider wurden die Bedingungen kontinuierlich verschlechtert, sodass das Konto inzwischen uninteressant ist&#8230; Des weiteren scheinen die Banken sukzessive die ec-Karte\/girocard abzuschaffen, und nur noch eine Debitkarte von Visa oder Mastercard kostenlos anzubieten. Kreditkartenangebote zu einem Girokonto sind in der Regel unattraktiv, sodass man sich diese separat besorgen sollte (siehe: Kreditkarten). Daher sollte man das Girokonto rein f\u00fcr den normalen Zahlungsverkehr sehen. Hierf\u00fcr muss man wie gesagt auch keine Geb\u00fchren zahlen, wof\u00fcr man durchaus trotzdem das eine oder andere Extra bekommt. Bei vielen Konten wird f\u00fcr die kostenfreie Kontof\u00fchrung oder bestimmte Zusatzleistungen ein gewisser Geldeingang pro<a class=\"more-link\" href=\"https:\/\/www.bob-sagt.de\/?page_id=60\">Read More &rarr;<\/a><\/p>\n","protected":false},"author":1,"featured_media":0,"parent":34,"menu_order":0,"comment_status":"closed","ping_status":"closed","template":"","meta":{"footnotes":""},"class_list":["entry","page","publish","author-bonie_n03ng3uc","post-60"],"_links":{"self":[{"href":"https:\/\/www.bob-sagt.de\/index.php?rest_route=\/wp\/v2\/pages\/60","targetHints":{"allow":["GET"]}}],"collection":[{"href":"https:\/\/www.bob-sagt.de\/index.php?rest_route=\/wp\/v2\/pages"}],"about":[{"href":"https:\/\/www.bob-sagt.de\/index.php?rest_route=\/wp\/v2\/types\/page"}],"author":[{"embeddable":true,"href":"https:\/\/www.bob-sagt.de\/index.php?rest_route=\/wp\/v2\/users\/1"}],"replies":[{"embeddable":true,"href":"https:\/\/www.bob-sagt.de\/index.php?rest_route=%2Fwp%2Fv2%2Fcomments&post=60"}],"version-history":[{"count":106,"href":"https:\/\/www.bob-sagt.de\/index.php?rest_route=\/wp\/v2\/pages\/60\/revisions"}],"predecessor-version":[{"id":628,"href":"https:\/\/www.bob-sagt.de\/index.php?rest_route=\/wp\/v2\/pages\/60\/revisions\/628"}],"up":[{"embeddable":true,"href":"https:\/\/www.bob-sagt.de\/index.php?rest_route=\/wp\/v2\/pages\/34"}],"wp:attachment":[{"href":"https:\/\/www.bob-sagt.de\/index.php?rest_route=%2Fwp%2Fv2%2Fmedia&parent=60"}],"curies":[{"name":"wp","href":"https:\/\/api.w.org\/{rel}","templated":true}]}}