{"id":597,"date":"2024-07-08T18:25:33","date_gmt":"2024-07-08T17:25:33","guid":{"rendered":"https:\/\/www.bob-sagt.de\/?page_id=597"},"modified":"2024-07-08T18:43:07","modified_gmt":"2024-07-08T17:43:07","slug":"maxblue-deutsche-bank","status":"publish","type":"page","link":"https:\/\/www.bob-sagt.de\/?page_id=597","title":{"rendered":"Deutsche Bank maxblue"},"content":{"rendered":"<ul class=\"highlight_list\">\n<li>Handeln von vielen Arten von Wertpapieren an weltweiten Handelspl\u00e4tzen oder au\u00dferb\u00f6rslich<\/li>\n<li>Faire Geb\u00fchren und regelm\u00e4\u00dfige Rabattaktionen<\/li>\n<\/ul>\n<p>maxblue ist das Online-Depot der Deutschen Bank. Es bietet eine sehr gro\u00dfe Anzahl an handelbaren Werpapieren inkl. Kryptow\u00e4hrungen. Auch sind viele Handelspl\u00e4tze sowie au\u00dferb\u00f6rslicher Handel m\u00f6glich.<\/p>\n<hr \/>\n<div style=\"vertical-align: top;\"><em>Beantragung und weitere Infos:<\/em> <!-- Beginn https:\/\/www.financeads.net\/-Code --><a href=\"https:\/\/www.financeads.net\/tc.php?t=63582C47217177B\" target=\"_blank\" rel=\"noopener\"><img loading=\"lazy\" decoding=\"async\" src=\"https:\/\/www.financeads.net\/tb.php?t=63582V47217177B\" alt=\"Deutsche Bank\" border=\"0\" width=\"200\" height=\"50\"><\/a><!-- Ende https:\/\/www.financeads.net\/-Code --><\/div>\n","protected":false},"excerpt":{"rendered":"<p>F\u00fcr erfahrene Privatanleger<br \/>\n<span class=highlight_list>Viele Arten von Wertpapieren und Handelspl\u00e4tzen<\/span><a class=\"more-link\" href=\"https:\/\/www.bob-sagt.de\/?page_id=597\">Read More &rarr;<\/a><\/p>\n","protected":false},"author":1,"featured_media":0,"parent":95,"menu_order":0,"comment_status":"closed","ping_status":"closed","template":"","meta":{"footnotes":""},"class_list":["entry","page","publish","author-bonie_n03ng3uc","has-excerpt","post-597"],"_links":{"self":[{"href":"https:\/\/www.bob-sagt.de\/index.php?rest_route=\/wp\/v2\/pages\/597","targetHints":{"allow":["GET"]}}],"collection":[{"href":"https:\/\/www.bob-sagt.de\/index.php?rest_route=\/wp\/v2\/pages"}],"about":[{"href":"https:\/\/www.bob-sagt.de\/index.php?rest_route=\/wp\/v2\/types\/page"}],"author":[{"embeddable":true,"href":"https:\/\/www.bob-sagt.de\/index.php?rest_route=\/wp\/v2\/users\/1"}],"replies":[{"embeddable":true,"href":"https:\/\/www.bob-sagt.de\/index.php?rest_route=%2Fwp%2Fv2%2Fcomments&post=597"}],"version-history":[{"count":5,"href":"https:\/\/www.bob-sagt.de\/index.php?rest_route=\/wp\/v2\/pages\/597\/revisions"}],"predecessor-version":[{"id":606,"href":"https:\/\/www.bob-sagt.de\/index.php?rest_route=\/wp\/v2\/pages\/597\/revisions\/606"}],"up":[{"embeddable":true,"href":"https:\/\/www.bob-sagt.de\/index.php?rest_route=\/wp\/v2\/pages\/95"}],"wp:attachment":[{"href":"https:\/\/www.bob-sagt.de\/index.php?rest_route=%2Fwp%2Fv2%2Fmedia&parent=597"}],"curies":[{"name":"wp","href":"https:\/\/api.w.org\/{rel}","templated":true}]}}