{"id":551,"date":"2024-01-02T01:30:05","date_gmt":"2024-01-02T00:30:05","guid":{"rendered":"https:\/\/www.bob-sagt.de\/?page_id=551"},"modified":"2024-01-02T02:05:04","modified_gmt":"2024-01-02T01:05:04","slug":"quirion","status":"publish","type":"page","link":"https:\/\/www.bob-sagt.de\/?page_id=551","title":{"rendered":"quirion"},"content":{"rendered":"<ul class=\"highlight_list\">\n<li>Komplett flexible ETF-Anlage und ETF-Sparpl\u00e4ne<\/li>\n<li>Kostenlose Depotf\u00fchrung und kostenfreie Zusatzservices<\/li>\n<li>Bei Anlagesummen \u00fcber 10.000 EUR g\u00fcnstiges Verwahrentgelt ab 0,48 %<\/li>\n<\/ul>\n<p>Quirion ist eine Anlageplattform, bei der automatisiert anhand individueller Kriterien in ETFs investiert werden kann (&#8222;RoboAdvisor&#8220;). Damit bietet diese einen einfache M\u00f6glichkeit zu Einmalanlagen und regelm\u00e4\u00dfigen Sparpl\u00e4nen.<\/p>\n<hr \/>\n<div style=\"vertical-align: top;\"><em>Beantragung und weitere Infos:<\/em> <!-- Beginn https:\/\/www.financeads.net\/-Code --><a href=\"https:\/\/www.financeads.net\/tc.php?t=63582C65591566B\" target=\"_blank\" rel=\"noopener\"><img loading=\"lazy\" decoding=\"async\" src=\"https:\/\/www.financeads.net\/tb.php?t=63582V65591566B&amp;https=1\" alt=\"NK Banner 320x50\" width=\"320\" height=\"50\" border=\"0\" \/><\/a><!-- Ende https:\/\/www.financeads.net\/-Code --><\/div>\n","protected":false},"excerpt":{"rendered":"<p>Flexible ETF-Anlage\/Sparpl\u00e4ne<br \/>\nKostenloses Depot<br \/>\nAutomatisierte Verm\u00f6gensverwaltung<a class=\"more-link\" href=\"https:\/\/www.bob-sagt.de\/?page_id=551\">Read More &rarr;<\/a><\/p>\n","protected":false},"author":1,"featured_media":0,"parent":95,"menu_order":0,"comment_status":"closed","ping_status":"closed","template":"","meta":{"footnotes":""},"class_list":["entry","page","publish","author-bonie_n03ng3uc","has-excerpt","post-551"],"_links":{"self":[{"href":"https:\/\/www.bob-sagt.de\/index.php?rest_route=\/wp\/v2\/pages\/551","targetHints":{"allow":["GET"]}}],"collection":[{"href":"https:\/\/www.bob-sagt.de\/index.php?rest_route=\/wp\/v2\/pages"}],"about":[{"href":"https:\/\/www.bob-sagt.de\/index.php?rest_route=\/wp\/v2\/types\/page"}],"author":[{"embeddable":true,"href":"https:\/\/www.bob-sagt.de\/index.php?rest_route=\/wp\/v2\/users\/1"}],"replies":[{"embeddable":true,"href":"https:\/\/www.bob-sagt.de\/index.php?rest_route=%2Fwp%2Fv2%2Fcomments&post=551"}],"version-history":[{"count":7,"href":"https:\/\/www.bob-sagt.de\/index.php?rest_route=\/wp\/v2\/pages\/551\/revisions"}],"predecessor-version":[{"id":579,"href":"https:\/\/www.bob-sagt.de\/index.php?rest_route=\/wp\/v2\/pages\/551\/revisions\/579"}],"up":[{"embeddable":true,"href":"https:\/\/www.bob-sagt.de\/index.php?rest_route=\/wp\/v2\/pages\/95"}],"wp:attachment":[{"href":"https:\/\/www.bob-sagt.de\/index.php?rest_route=%2Fwp%2Fv2%2Fmedia&parent=551"}],"curies":[{"name":"wp","href":"https:\/\/api.w.org\/{rel}","templated":true}]}}