{"id":34,"date":"2017-11-19T11:47:46","date_gmt":"2017-11-19T10:47:46","guid":{"rendered":"https:\/\/www.bob-sagt.de\/?page_id=34"},"modified":"2022-10-10T15:37:22","modified_gmt":"2022-10-10T14:37:22","slug":"34-2","status":"publish","type":"page","link":"https:\/\/www.bob-sagt.de\/?page_id=34","title":{"rendered":"Girokonto &#038; Kreditkarte"},"content":{"rendered":"<p><div id='konto_kreditkarte' class='widgets_on_page wop_tiny1  wop_small1  wop_medium1  wop_large1  wop_wide1'>\n\t\t\t<ul><li id=\"hoot-content-blocks-widget-7\"  style=\" margin-top:-20px; margin-bottom:-20px;\" class=\"widget hoot_no_excerpt widget_hoot-content-blocks-widget\">\n<div class=\"content-blocks-widget-wrap content-blocks-pages topborder-none\">\n\t<div class=\"content-blocks-widget-box bottomborder-none\">\n\t\t<div class=\"content-blocks-widget content-blocks-widget-style3\"  style=\" margin-top:-20px; margin-bottom:-20px;\" >\n\n\t\t\t\n\t\t\t<div class=\"flush-columns\">\n\t\t\t\t<div class=\"content-block-row\">\n\t\t\t\t\t\t\t\t<div class=\"content-block-column hcolumn-1-3 content-block-1 content-block-style3\">\n\t\t\t\t\t\t\t\t\t\t\t\t\t\t\t\t\t\t<div class=\"content-block highlight-typo\">\n\n\t\t\t\t\t\t\t\t\t\t<div class=\"content-block-visual content-block-icon icon-style-circle enforce-typo \">\n\t\t\t\t\t\t\t\t\t\t\t\t<a href=\"https:\/\/www.bob-sagt.de\/?page_id=60\" class=\"content-block-link\">\t\t\t\t\t\t\t\t\t\t\t\t\t<i class=\"fa-money-bill-alt far\"><\/i>\n\t\t\t\t\t\t\t\t\t\t\t\t<\/a>\t\t\t\t\t\t\t\t\t\t\t<\/div>\n\t\t\t\t\t\t\t\t\t\t<div class=\"content-block-content content-block-content-hasicon\">\n\t\t\t\t\t\t\t\t\t\t\t<h4><a href=\"https:\/\/www.bob-sagt.de\/?page_id=60\" class=\"content-block-link\">Girokonto<\/a><\/h4>\n\t\t\t\t\t\t\t\t\t\t\t<div class=\"content-block-text\"><p>Meine<\/p>\n<p class=\"more-link\"><a href=\"https:\/\/www.bob-sagt.de\/?page_id=60\" class=\"content-block-link\">Read More &rarr;<\/a><\/p><\/div>\n\t\t\t\t\t\t\t\t\t\t<\/div>\n\n\t\t\t\t\t\t\t\t\t<\/div>\n\t\t\t\t\t\t\t\t<\/div>\n\t\t\t\t\t\t\t\t<div class=\"content-block-column hcolumn-1-3 content-block-2 content-block-style3\">\n\t\t\t\t\t\t\t\t\t\t\t\t\t\t\t\t\t\t<div class=\"content-block highlight-typo\">\n\n\t\t\t\t\t\t\t\t\t\t<div class=\"content-block-visual content-block-icon icon-style-circle enforce-typo \">\n\t\t\t\t\t\t\t\t\t\t\t\t<a href=\"https:\/\/www.bob-sagt.de\/?page_id=91\" class=\"content-block-link\">\t\t\t\t\t\t\t\t\t\t\t\t\t<i class=\"fa-credit-card fas\"><\/i>\n\t\t\t\t\t\t\t\t\t\t\t\t<\/a>\t\t\t\t\t\t\t\t\t\t\t<\/div>\n\t\t\t\t\t\t\t\t\t\t<div class=\"content-block-content content-block-content-hasicon\">\n\t\t\t\t\t\t\t\t\t\t\t<h4><a href=\"https:\/\/www.bob-sagt.de\/?page_id=91\" class=\"content-block-link\">Kreditkarte<\/a><\/h4>\n\t\t\t\t\t\t\t\t\t\t\t<div class=\"content-block-text\"><p>Die absolut beste erh\u00e4ltliche Kreditkarte<br \/>\n<span class=highlight_list>Keine Jahresgeb\u00fchr<br \/>\n\u00dcberall kostenlos Bargeld<br \/>\n\u00dcberall kostenlos bezahlen<\/span><\/p>\n<p class=\"more-link\"><a href=\"https:\/\/www.bob-sagt.de\/?page_id=91\" class=\"content-block-link\">Read More &rarr;<\/a><\/p><\/div>\n\t\t\t\t\t\t\t\t\t\t<\/div>\n\n\t\t\t\t\t\t\t\t\t<\/div>\n\t\t\t\t\t\t\t\t<\/div>\n\t\t\t\t\t\t\t\t<div class=\"content-block-column hcolumn-1-3 content-block-3 content-block-style3\">\n\t\t\t\t\t\t\t\t\t\t\t\t\t\t\t\t\t\t<div class=\"content-block highlight-typo\">\n\n\t\t\t\t\t\t\t\t\t\t\n\t\t\t\t\t\t\t\t\t\t<div class=\"content-block-content no-visual\">\n\t\t\t\t\t\t\t\t\t\t\t<h4><a href=\"https:\/\/www.bob-sagt.de\/?page_id=610\" class=\"content-block-link\">Gesch\u00e4ftskonto<\/a><\/h4>\n\t\t\t\t\t\t\t\t\t\t\t<div class=\"content-block-text\"><p>Auch f\u00fcr eine juristische Person gibt es immer wieder kostenlose oder sehr g\u00fcnstige Angebote f\u00fcr die Kontof\u00fchrung, insbesondere wenn man nicht viele Buchungen hat, z.B. f\u00fcr die reine Verm\u00f6gensverwaltung. Allerdings \u00e4ndern sich die Konditionen hier deutlich \u00f6fter als f\u00fcr Privatpersonen (bzw. Selbst\u00e4ndige), sodass hier eine Aufwand\/Nutzen-Analyse des Wechsels gemacht werden sollte. Vivid- Free Start Komplett kostenloses Girokonto Vivid ist eine Neobank. Er\u00f6ffnung und weiter Infos hier: Fyrst- Base Fyrst ist eine neue Marke der Postbank und bietet mit die g\u00fcnstigsten Konditionen an: 0 EUR f\u00fcr Selbstst\u00e4ndige und 6 EUR f\u00fcr juristische Personen Er\u00f6ffnung und weiter Infos hier: Postbank &#8211; Business Giro F\u00fcr ein vollwertiges Konto<\/p>\n<p class=\"more-link\"><a href=\"https:\/\/www.bob-sagt.de\/?page_id=610\" class=\"content-block-link\">Read More &rarr;<\/a><\/p><\/div>\n\t\t\t\t\t\t\t\t\t\t<\/div>\n\n\t\t\t\t\t\t\t\t\t<\/div>\n\t\t\t\t\t\t\t\t<\/div><\/div>\t\t\t<\/div>\n\n\t\t\t\n\t\t<\/div>\n\t<\/div>\n<\/div>\n\n<\/li><\/ul><\/div><!-- widgets_on_page --><br>Schon seit einiger Zeit sind die besten Angebote f\u00fcr Girokonten oder Kreditkarten komplett kostenlos. Es ist sogar m\u00f6glich, an jedem beliebigen Geldautomaten Bargeld zu bekommen, ohne Geb\u00fchren zahlen zu m\u00fcssen, und zwar weltweit. Hierzu muss nicht einmal das Girokonto gewechselt werden.<br>In letzter Zeit haben sich die Angebote so entwickelt, dass es am sinnvollsten ist, Girokonto und Kreditkarte komplett getrennt zu betrachten. Die Angebote der Banken f\u00fcr Kreditkarten im Rahmen eines Girokontos sind inzwischen komplett uninteressant geworden.<\/p>\n<p>Viele scheuen allerdings den Wechsel zu einer Online-Bank, etwa weil sie schon l\u00e4nger bei ihrer gewohnten Bank sind. Meiner Erfahrung nach ist man aber mit dem Online- oder Telefonkontakt bei einer Direktbank besser bedient als mit dem pers\u00f6nlichen Kontakt in einer Filialbank. Ganz zu schweigen von den besseren Konditionen und den meist papierlosen Abl\u00e4ufen.<\/p>\n<p>Die Beantragung eines Kontos oder einer Kreditkarte ist an sich sehr einfach:<br>Man druckt die Antragsunterlagen zu Hause aus (oder l\u00e4\u00dft sie sich zuschicken) und geht mit Ausweis oder Pass zu einer Postfiliale, die einen identifiziert und die Unterlagen dann an die Bank schickt (PostIdent-Verfahren).<br>Alternativ bieten immer mehr Banken auch an, sich bequem \u00fcber einen Videochat zu legitimieren. Man bereitet die Unterlagen online vor und zeigt dann lediglich seinen Ausweis in die Kamera, alles weitere geschieht automatisch (VideoIdent-Verfahren).<br>Im Anschluss erh\u00e4lt man bequem per Post alle n\u00f6tigen Unterlagen und Karten.<\/p>\n<p><strong>Alle weitere Details findet ihr hier:<\/strong><\/p>\n<p><\/p>\n\n\n<div id='konto_kreditkarte' class='widgets_on_page wop_tiny1  wop_small1  wop_medium1  wop_large1  wop_wide1'>\n\t\t\t<ul><li id=\"hoot-content-blocks-widget-7\"  style=\" margin-top:-20px; margin-bottom:-20px;\" class=\"widget hoot_no_excerpt widget_hoot-content-blocks-widget\">\n<div class=\"content-blocks-widget-wrap content-blocks-pages topborder-none\">\n\t<div class=\"content-blocks-widget-box bottomborder-none\">\n\t\t<div class=\"content-blocks-widget content-blocks-widget-style3\"  style=\" margin-top:-20px; margin-bottom:-20px;\" >\n\n\t\t\t\n\t\t\t<div class=\"flush-columns\">\n\t\t\t\t<div class=\"content-block-row\">\n\t\t\t\t\t\t\t\t<div class=\"content-block-column hcolumn-1-3 content-block-1 content-block-style3\">\n\t\t\t\t\t\t\t\t\t\t\t\t\t\t\t\t\t\t<div class=\"content-block highlight-typo\">\n\n\t\t\t\t\t\t\t\t\t\t<div class=\"content-block-visual content-block-icon icon-style-circle enforce-typo \">\n\t\t\t\t\t\t\t\t\t\t\t\t<a href=\"https:\/\/www.bob-sagt.de\/?page_id=60\" class=\"content-block-link\">\t\t\t\t\t\t\t\t\t\t\t\t\t<i class=\"fa-money-bill-alt far\"><\/i>\n\t\t\t\t\t\t\t\t\t\t\t\t<\/a>\t\t\t\t\t\t\t\t\t\t\t<\/div>\n\t\t\t\t\t\t\t\t\t\t<div class=\"content-block-content content-block-content-hasicon\">\n\t\t\t\t\t\t\t\t\t\t\t<h4><a href=\"https:\/\/www.bob-sagt.de\/?page_id=60\" class=\"content-block-link\">Girokonto<\/a><\/h4>\n\t\t\t\t\t\t\t\t\t\t\t<div class=\"content-block-text\"><p>Meine unangefochtene Empfehlung \u00fcber ein Jahrzehnt war die Deutsche Kreditbank&#8230; Leider wurden die Bedingungen kontinuierlich verschlechtert, sodass das Konto inzwischen uninteressant ist&#8230; Des weiteren scheinen die Banken sukzessive die ec-Karte\/girocard abzuschaffen, und nur noch eine Debitkarte von Visa oder Mastercard kostenlos anzubieten. Kreditkartenangebote zu einem Girokonto sind in der Regel unattraktiv, sodass man sich diese separat besorgen sollte (siehe: Kreditkarten). Daher sollte man das Girokonto rein f\u00fcr den normalen Zahlungsverkehr sehen. Hierf\u00fcr muss man wie gesagt auch keine Geb\u00fchren zahlen, wof\u00fcr man durchaus trotzdem das eine oder andere Extra bekommt. Bei vielen Konten wird f\u00fcr die kostenfreie Kontof\u00fchrung oder bestimmte Zusatzleistungen ein gewisser Geldeingang pro<\/p>\n<p class=\"more-link\"><a href=\"https:\/\/www.bob-sagt.de\/?page_id=60\" class=\"content-block-link\">Read More &rarr;<\/a><\/p><\/div>\n\t\t\t\t\t\t\t\t\t\t<\/div>\n\n\t\t\t\t\t\t\t\t\t<\/div>\n\t\t\t\t\t\t\t\t<\/div>\n\t\t\t\t\t\t\t\t<div class=\"content-block-column hcolumn-1-3 content-block-2 content-block-style3\">\n\t\t\t\t\t\t\t\t\t\t\t\t\t\t\t\t\t\t<div class=\"content-block highlight-typo\">\n\n\t\t\t\t\t\t\t\t\t\t<div class=\"content-block-visual content-block-icon icon-style-circle enforce-typo \">\n\t\t\t\t\t\t\t\t\t\t\t\t<a href=\"https:\/\/www.bob-sagt.de\/?page_id=91\" class=\"content-block-link\">\t\t\t\t\t\t\t\t\t\t\t\t\t<i class=\"fa-credit-card fas\"><\/i>\n\t\t\t\t\t\t\t\t\t\t\t\t<\/a>\t\t\t\t\t\t\t\t\t\t\t<\/div>\n\t\t\t\t\t\t\t\t\t\t<div class=\"content-block-content content-block-content-hasicon\">\n\t\t\t\t\t\t\t\t\t\t\t<h4><a href=\"https:\/\/www.bob-sagt.de\/?page_id=91\" class=\"content-block-link\">Kreditkarte<\/a><\/h4>\n\t\t\t\t\t\t\t\t\t\t\t<div class=\"content-block-text\"><p>Die absolut beste erh\u00e4ltliche Kreditkarte<br \/>\n<span class=highlight_list>Keine Jahresgeb\u00fchr<br \/>\n\u00dcberall kostenlos Bargeld<br \/>\n\u00dcberall kostenlos bezahlen<\/span><\/p>\n<p class=\"more-link\"><a href=\"https:\/\/www.bob-sagt.de\/?page_id=91\" class=\"content-block-link\">Read More &rarr;<\/a><\/p><\/div>\n\t\t\t\t\t\t\t\t\t\t<\/div>\n\n\t\t\t\t\t\t\t\t\t<\/div>\n\t\t\t\t\t\t\t\t<\/div>\n\t\t\t\t\t\t\t\t<div class=\"content-block-column hcolumn-1-3 content-block-3 content-block-style3\">\n\t\t\t\t\t\t\t\t\t\t\t\t\t\t\t\t\t\t<div class=\"content-block highlight-typo\">\n\n\t\t\t\t\t\t\t\t\t\t\n\t\t\t\t\t\t\t\t\t\t<div class=\"content-block-content no-visual\">\n\t\t\t\t\t\t\t\t\t\t\t<h4><a href=\"https:\/\/www.bob-sagt.de\/?page_id=610\" class=\"content-block-link\">Gesch\u00e4ftskonto<\/a><\/h4>\n\t\t\t\t\t\t\t\t\t\t\t<div class=\"content-block-text\"><p>Auch f\u00fcr eine juristische Person gibt es immer wieder kostenlose oder sehr g\u00fcnstige Angebote f\u00fcr die Kontof\u00fchrung, insbesondere wenn man nicht viele Buchungen hat, z.B. f\u00fcr die reine Verm\u00f6gensverwaltung. Allerdings \u00e4ndern sich die Konditionen hier deutlich \u00f6fter als f\u00fcr Privatpersonen (bzw. Selbst\u00e4ndige), sodass hier eine Aufwand\/Nutzen-Analyse des Wechsels gemacht werden sollte. Vivid- Free Start Komplett kostenloses Girokonto Vivid ist eine Neobank. Er\u00f6ffnung und weiter Infos hier: Fyrst- Base Fyrst ist eine neue Marke der Postbank und bietet mit die g\u00fcnstigsten Konditionen an: 0 EUR f\u00fcr Selbstst\u00e4ndige und 6 EUR f\u00fcr juristische Personen Er\u00f6ffnung und weiter Infos hier: Postbank &#8211; Business Giro F\u00fcr ein vollwertiges Konto<\/p>\n<p class=\"more-link\"><a href=\"https:\/\/www.bob-sagt.de\/?page_id=610\" class=\"content-block-link\">Read More &rarr;<\/a><\/p><\/div>\n\t\t\t\t\t\t\t\t\t\t<\/div>\n\n\t\t\t\t\t\t\t\t\t<\/div>\n\t\t\t\t\t\t\t\t<\/div><\/div>\t\t\t<\/div>\n\n\t\t\t\n\t\t<\/div>\n\t<\/div>\n<\/div>\n\n<\/li><\/ul><\/div><!-- widgets_on_page -->\n\n\n\n<p><\/p>\n","protected":false},"excerpt":{"rendered":"<p>Beim Girokonto und beim Zahlen mit Kreditkarte kommt man komplett ohne Geb\u00fchren aus.<a class=\"more-link\" href=\"https:\/\/www.bob-sagt.de\/?page_id=610\">Read More &rarr;<\/a><\/p>\n","protected":false},"author":1,"featured_media":0,"parent":0,"menu_order":0,"comment_status":"closed","ping_status":"closed","template":"","meta":{"footnotes":""},"class_list":["entry","page","publish","author-bonie_n03ng3uc","post-34"],"_links":{"self":[{"href":"https:\/\/www.bob-sagt.de\/index.php?rest_route=\/wp\/v2\/pages\/34","targetHints":{"allow":["GET"]}}],"collection":[{"href":"https:\/\/www.bob-sagt.de\/index.php?rest_route=\/wp\/v2\/pages"}],"about":[{"href":"https:\/\/www.bob-sagt.de\/index.php?rest_route=\/wp\/v2\/types\/page"}],"author":[{"embeddable":true,"href":"https:\/\/www.bob-sagt.de\/index.php?rest_route=\/wp\/v2\/users\/1"}],"replies":[{"embeddable":true,"href":"https:\/\/www.bob-sagt.de\/index.php?rest_route=%2Fwp%2Fv2%2Fcomments&post=34"}],"version-history":[{"count":51,"href":"https:\/\/www.bob-sagt.de\/index.php?rest_route=\/wp\/v2\/pages\/34\/revisions"}],"predecessor-version":[{"id":507,"href":"https:\/\/www.bob-sagt.de\/index.php?rest_route=\/wp\/v2\/pages\/34\/revisions\/507"}],"wp:attachment":[{"href":"https:\/\/www.bob-sagt.de\/index.php?rest_route=%2Fwp%2Fv2%2Fmedia&parent=34"}],"curies":[{"name":"wp","href":"https:\/\/api.w.org\/{rel}","templated":true}]}}