{"id":149,"date":"2018-02-18T16:13:52","date_gmt":"2018-02-18T15:13:52","guid":{"rendered":"https:\/\/www.bob-sagt.de\/?page_id=149"},"modified":"2024-01-02T01:14:41","modified_gmt":"2024-01-02T00:14:41","slug":"mobil-internet","status":"publish","type":"page","link":"https:\/\/www.bob-sagt.de\/?page_id=149","title":{"rendered":"Mobil &#038; Internet"},"content":{"rendered":"<p>Nicht immer lohnt sich ein Tarif, der alles als Inklusivleistung beinhaltet. Auf Vergleichsportalen gibt es komfortable Suchmasken, mit der man genau den f\u00fcr sein Nutzungsverhalten g\u00fcnstigsten Tarif ermitteln kann.<\/p>\n<p>Oft lohnt es sich auch nicht, vermeintliche Ger\u00e4teangebote wahrzunehmen. Rechnet man die h\u00f6here Grundgeb\u00fchr auf die Laufzeit um, zahlt man fast immer mehr, als w\u00fcrde man sich direkt auf ebay oder Amazon das Ger\u00e4t direkt kaufen.<\/p>\n<p>Aus langj\u00e4hriger Erfahrung ist der Anbieter relativ egal. F\u00fcr jeden gibt es zuhauf schlechte Erfahrungen, je nach dem an welchen Hotline-Mitarbeiter man ger\u00e4t. Daher w\u00fcrde ich nur nach Geschwindigkeit und Preis gehen, und dabei auch aktuelle Neukundenaktionen ber\u00fccksichtigen.<\/p>\n<hr \/>\n<div id=\"wrap\">\n<div id=\"pcol\">Zum Mobilfunkvergleich:<\/div>\n<div id=\"pcol\"><a href=\"https:\/\/a.check24.net\/misc\/click.php?pid=133319&amp;aid=170&amp;deep=handytarife&amp;cat=7\" target=\"_blank\" rel=\"noopener\"><img loading=\"lazy\" decoding=\"async\" style=\"max-width: 100%; height: auto;\" src=\"https:\/\/a.check24.net\/misc\/view.php?pid=133319&amp;aid=170&amp;cat=7\" width=\"234\" height=\"60\" \/><\/a><\/div>\n<div id=\"pcol\"><\/div>\n<div id=\"pcol\">\u00a0 \u00a0Zum Internetvergleich:<\/div>\n<div id=\"pcol\"><a href=\"https:\/\/a.check24.net\/misc\/click.php?pid=133319&amp;aid=102&amp;deep=dsl-anbieterwechsel&amp;cat=4\" target=\"_blank\" rel=\"noopener\"><img loading=\"lazy\" decoding=\"async\" style=\"max-width: 100%; height: auto;\" src=\"https:\/\/a.check24.net\/misc\/view.php?pid=133319&amp;aid=102&amp;cat=4\" width=\"234\" height=\"60\" \/><\/a><\/div>\n<\/div>\n","protected":false},"excerpt":{"rendered":"<p>In der Regel lohnt sich ein g\u00fcnstiger Tarif mit Inklusivleistungen, aber ohne Inklusivger\u00e4te.<a class=\"more-link\" href=\"https:\/\/www.bob-sagt.de\/?page_id=149\">Read More &rarr;<\/a><\/p>\n","protected":false},"author":1,"featured_media":0,"parent":0,"menu_order":0,"comment_status":"closed","ping_status":"closed","template":"","meta":{"footnotes":""},"class_list":["entry","page","publish","author-bonie_n03ng3uc","has-excerpt","post-149"],"_links":{"self":[{"href":"https:\/\/www.bob-sagt.de\/index.php?rest_route=\/wp\/v2\/pages\/149","targetHints":{"allow":["GET"]}}],"collection":[{"href":"https:\/\/www.bob-sagt.de\/index.php?rest_route=\/wp\/v2\/pages"}],"about":[{"href":"https:\/\/www.bob-sagt.de\/index.php?rest_route=\/wp\/v2\/types\/page"}],"author":[{"embeddable":true,"href":"https:\/\/www.bob-sagt.de\/index.php?rest_route=\/wp\/v2\/users\/1"}],"replies":[{"embeddable":true,"href":"https:\/\/www.bob-sagt.de\/index.php?rest_route=%2Fwp%2Fv2%2Fcomments&post=149"}],"version-history":[{"count":20,"href":"https:\/\/www.bob-sagt.de\/index.php?rest_route=\/wp\/v2\/pages\/149\/revisions"}],"predecessor-version":[{"id":547,"href":"https:\/\/www.bob-sagt.de\/index.php?rest_route=\/wp\/v2\/pages\/149\/revisions\/547"}],"wp:attachment":[{"href":"https:\/\/www.bob-sagt.de\/index.php?rest_route=%2Fwp%2Fv2%2Fmedia&parent=149"}],"curies":[{"name":"wp","href":"https:\/\/api.w.org\/{rel}","templated":true}]}}