{"id":134,"date":"2018-01-10T19:03:42","date_gmt":"2018-01-10T18:03:42","guid":{"rendered":"https:\/\/www.bob-sagt.de\/?page_id=134"},"modified":"2024-01-02T02:03:40","modified_gmt":"2024-01-02T01:03:40","slug":"interactive-brokers","status":"publish","type":"page","link":"https:\/\/www.bob-sagt.de\/?page_id=134","title":{"rendered":"Cap Trader"},"content":{"rendered":"<ul class=\"highlight_list\">\n<li>\u00c4u\u00dferst geringe Geb\u00fchren<\/li>\n<li>Handeln von allen Instrumenten an weltweiten Handelspl\u00e4tzen<\/li>\n<li>Mehrere W\u00e4hrungskonten und Profi-Tradersoftware<\/li>\n<\/ul>\n<p>Cap Trader ist ein deutscher Introducing Broker. Dieser nutzt die Infrastruktur von Interactive Brokers, stellt aber u.a. deutschen Support zur Verf\u00fcgung. (Interactive Brokers mit Sitz in USA und UK ist einer der gr\u00f6\u00dften Broker mit weltweitem Handelszugang). Gleichzeitig gibt es hier wahrscheinlich die geringsten Geb\u00fchren, die man als Privatperson bekommen kann. Praktisch alle Finanzinstrument sind handelbar, also auch Optionen und Futures, hierf\u00fcr muss man sich je nach Art f\u00fcr ein Margenkonto freischalten lassen. Man kann mehrere W\u00e4hrungskonten anlegen und kann auch Handelskredit gegen seinen Bestand aufnehmen.<\/p>\n<p><strong><em>Hinweise:<\/em><\/strong><\/p>\n<ul>\n<li>Zielgruppe sind erfahrenere Trader, daher ist die Profi-Traderoberfl\u00e4che gew\u00f6hnungsbed\u00fcrftig. Inzwischen gibt es aber auch eine \u00fcbersichtliche Smartphone App sowie eine vereinfachte Weboberfl\u00e4che.<\/li>\n<li>Es wird keine Abgeltungssteuer einbehalten, sodass man sie selbst bei der Steuer angeben muss. Das ist aber ein Vorteil, da man sie so erst deutlich sp\u00e4ter zahlen muss und in der Zwischenzeit mit dem Geld weiterarbeiten kann.<\/li>\n<\/ul>\n<hr \/>\n<div style=\"vertical-align: top;\"><em>Beantragung und weitere Infos:<\/em> <!-- Beginn https:\/\/www.financeads.net\/-Code --><a href=\"https:\/\/www.financeads.net\/tc.php?t=63582C46922615B\" target=\"_blank\" rel=\"noopener\"><img loading=\"lazy\" decoding=\"async\" src=\"https:\/\/www.financeads.net\/tb.php?t=63582V46922615B&amp;https=1\" alt=\"CapTrader Logo\" width=\"200\" height=\"50\" border=\"0\" \/><\/a><!-- Ende https:\/\/www.financeads.net\/-Code --><\/div>\n","protected":false},"excerpt":{"rendered":"<p>Internationales Profi-Depot<br \/>\n<span class=highlight_list>Geringste Geb\u00fchren<br \/>\nZugang zu weltweiten B\u00f6rsen<br \/>\nMehrere W\u00e4hrungskonten<\/span><a class=\"more-link\" href=\"https:\/\/www.bob-sagt.de\/?page_id=134\">Read More &rarr;<\/a><\/p>\n","protected":false},"author":1,"featured_media":0,"parent":95,"menu_order":0,"comment_status":"closed","ping_status":"closed","template":"","meta":{"footnotes":""},"class_list":["entry","page","publish","author-bonie_n03ng3uc","has-excerpt","post-134"],"_links":{"self":[{"href":"https:\/\/www.bob-sagt.de\/index.php?rest_route=\/wp\/v2\/pages\/134","targetHints":{"allow":["GET"]}}],"collection":[{"href":"https:\/\/www.bob-sagt.de\/index.php?rest_route=\/wp\/v2\/pages"}],"about":[{"href":"https:\/\/www.bob-sagt.de\/index.php?rest_route=\/wp\/v2\/types\/page"}],"author":[{"embeddable":true,"href":"https:\/\/www.bob-sagt.de\/index.php?rest_route=\/wp\/v2\/users\/1"}],"replies":[{"embeddable":true,"href":"https:\/\/www.bob-sagt.de\/index.php?rest_route=%2Fwp%2Fv2%2Fcomments&post=134"}],"version-history":[{"count":11,"href":"https:\/\/www.bob-sagt.de\/index.php?rest_route=\/wp\/v2\/pages\/134\/revisions"}],"predecessor-version":[{"id":602,"href":"https:\/\/www.bob-sagt.de\/index.php?rest_route=\/wp\/v2\/pages\/134\/revisions\/602"}],"up":[{"embeddable":true,"href":"https:\/\/www.bob-sagt.de\/index.php?rest_route=\/wp\/v2\/pages\/95"}],"wp:attachment":[{"href":"https:\/\/www.bob-sagt.de\/index.php?rest_route=%2Fwp%2Fv2%2Fmedia&parent=134"}],"curies":[{"name":"wp","href":"https:\/\/api.w.org\/{rel}","templated":true}]}}