{"id":105,"date":"2017-11-29T21:03:55","date_gmt":"2017-11-29T20:03:55","guid":{"rendered":"https:\/\/www.bob-sagt.de\/?page_id=105"},"modified":"2024-01-02T01:14:52","modified_gmt":"2024-01-02T00:14:52","slug":"zu-hause","status":"publish","type":"page","link":"https:\/\/www.bob-sagt.de\/?page_id=105","title":{"rendered":"Strom &#038; Gas"},"content":{"rendered":"<p>Seit der Liberalisierung des Energiemarktes kann man seinen Anbieter f\u00fcr Strom oder Gas aus einer Vielzahl ausw\u00e4hlen. Wer immer noch Kunde bei seinem regionalen Grundversorger ist, zahlt unn\u00f6tig zuviel Geld (leicht mehrere hundert Euro pro Jahr). Selbst reine \u00d6kotarife alternativer Anbieter sind oft g\u00fcnstiger. Ein Wechsel ist einfach und unterbrechungsfrei m\u00f6glich. Ist man im Grundversorgungstarif, gibt es auch keine Mindestvertragslaufzeit.<br \/>\nDa die genauen Preise von der Region und aktuellen Angeboten abh\u00e4ngen, empfiehlt es sich, die verschiedenen Anbieter auf einer Vergleichsseite zu vergleichen.<\/p>\n<p><strong><em>Hinweise:<\/em><\/strong><\/p>\n<ul>\n<li>Paket-Tarife eignen sich nur, wenn der eigene Verbrauch sehr genau gesch\u00e4tzt werden kann.<\/li>\n<li>Vorauskasse-Tarife (mehr als ein Quartal) oder Tarife mit Kaution sollten gemieden werden. Ger\u00e4t der Anbieter in finanzielle Schwierigkeiten, kann die geleistete Vorauszahlung weg sein.<\/li>\n<\/ul>\n<hr \/>\n<div id=\"wrap\">\n<div id=\"pcol\">Zum Stromvergleich:<\/div>\n<div id=\"pcol\"><a href=\"https:\/\/a.check24.net\/misc\/click.php?pid=133319&amp;aid=304&amp;deep=stromanbieter-wechseln&amp;cat=1\" target=\"_blank\" rel=\"noopener\"><img loading=\"lazy\" decoding=\"async\" style=\"max-width: 100%; height: auto;\" src=\"https:\/\/a.check24.net\/misc\/view.php?pid=133319&amp;aid=304&amp;cat=1\" width=\"234\" height=\"60\" \/><\/a><\/div>\n<div id=\"pcol\"><\/div>\n<div id=\"pcol\">\u00a0 \u00a0Zum Gasvergleich:<\/div>\n<div id=\"pcol\"><a href=\"https:\/\/a.check24.net\/misc\/click.php?pid=133319&amp;aid=314&amp;deep=gasanbieter-wechseln&amp;cat=3\" target=\"_blank\" rel=\"noopener\"><img loading=\"lazy\" decoding=\"async\" style=\"max-width: 100%; height: auto;\" src=\"https:\/\/a.check24.net\/misc\/view.php?pid=133319&amp;aid=314&amp;cat=3\" width=\"234\" height=\"60\" \/><\/a><\/div>\n<\/div>\n","protected":false},"excerpt":{"rendered":"<p>Wer sich vom Grundversorger beliefern l\u00e4sst, zahlt leicht j\u00e4hrlich mehrere hundert Euro zu viel.<a class=\"more-link\" href=\"https:\/\/www.bob-sagt.de\/?page_id=105\">Read More &rarr;<\/a><\/p>\n","protected":false},"author":1,"featured_media":0,"parent":0,"menu_order":0,"comment_status":"closed","ping_status":"closed","template":"","meta":{"footnotes":""},"class_list":["entry","page","publish","author-bonie_n03ng3uc","has-excerpt","post-105"],"_links":{"self":[{"href":"https:\/\/www.bob-sagt.de\/index.php?rest_route=\/wp\/v2\/pages\/105","targetHints":{"allow":["GET"]}}],"collection":[{"href":"https:\/\/www.bob-sagt.de\/index.php?rest_route=\/wp\/v2\/pages"}],"about":[{"href":"https:\/\/www.bob-sagt.de\/index.php?rest_route=\/wp\/v2\/types\/page"}],"author":[{"embeddable":true,"href":"https:\/\/www.bob-sagt.de\/index.php?rest_route=\/wp\/v2\/users\/1"}],"replies":[{"embeddable":true,"href":"https:\/\/www.bob-sagt.de\/index.php?rest_route=%2Fwp%2Fv2%2Fcomments&post=105"}],"version-history":[{"count":20,"href":"https:\/\/www.bob-sagt.de\/index.php?rest_route=\/wp\/v2\/pages\/105\/revisions"}],"predecessor-version":[{"id":548,"href":"https:\/\/www.bob-sagt.de\/index.php?rest_route=\/wp\/v2\/pages\/105\/revisions\/548"}],"wp:attachment":[{"href":"https:\/\/www.bob-sagt.de\/index.php?rest_route=%2Fwp%2Fv2%2Fmedia&parent=105"}],"curies":[{"name":"wp","href":"https:\/\/api.w.org\/{rel}","templated":true}]}}